{"id":535,"date":"2013-11-27T11:05:01","date_gmt":"2013-11-27T14:05:01","guid":{"rendered":"http:\/\/ramonfreire.cl\/musicaysonido\/?page_id=535"},"modified":"2025-04-07T20:43:32","modified_gmt":"2025-04-08T00:43:32","slug":"lectura-musical","status":"publish","type":"page","link":"https:\/\/ramonfreire.cl\/musicaysonido\/lectura-musical\/","title":{"rendered":"LECTURA MUSICAL"},"content":{"rendered":"<p style=\"text-align: justify;\"><a href=\"http:\/\/ramonfreire.cl\/musicaysonido\/wp-content\/uploads\/2013\/11\/nuevo-curso-musica.jpg\"><img loading=\"lazy\" decoding=\"async\" class=\"alignleft size-medium wp-image-521\" src=\"http:\/\/ramonfreire.cl\/musicaysonido\/wp-content\/uploads\/2013\/11\/nuevo-curso-musica-300x204.jpg\" alt=\"nuevo curso musica\" width=\"300\" height=\"204\" srcset=\"https:\/\/ramonfreire.cl\/musicaysonido\/wp-content\/uploads\/2013\/11\/nuevo-curso-musica-300x204.jpg 300w, https:\/\/ramonfreire.cl\/musicaysonido\/wp-content\/uploads\/2013\/11\/nuevo-curso-musica.jpg 934w\" sizes=\"auto, (max-width: 300px) 100vw, 300px\" \/><\/a>Nuevo curso <strong>LECTURA MUSICAL<\/strong> para adultos y j\u00f3venes.<\/p>\n<p style=\"text-align: justify;\">El lenguaje musical formal: Signos, notas, partituras, puede parecer intimidante, pero su estudio guiado nos proporciona habilidades nuevas que influyen en toda nuestra vida no solo musicalmente.<\/p>\n<p style=\"text-align: justify;\">La m\u00fasica es un aspecto integral de la educaci\u00f3n y formaci\u00f3n humanas desde hace milenios. De hecho es una de las claves para dar libertad intelectual al hombre. De esto ultimo hablaban ya Platon, Pit\u00e1goras y muchos otros.<\/p>\n<p style=\"text-align: justify;\">Hoy en d\u00eda la ciencia del cerebro o <strong>NEURO CIENCIA<\/strong> ha demostrado que desarrollar el lenguaje y la habilidad musical vuelven a las personas mas inteligentes, mas despiertas y creativas.<\/p>\n<p style=\"text-align: justify;\"><strong>\u00a0AUMENTANDO NUESTRAS CAPACIDADES\u00a0<\/strong><\/p>\n<p style=\"text-align: justify;\"><a href=\"http:\/\/ramonfreire.cl\/musicaysonido\/wp-content\/uploads\/2013\/11\/m\u00fasica-y-cerebro-.jpg\"><img loading=\"lazy\" decoding=\"async\" class=\"alignleft size-medium wp-image-567\" src=\"http:\/\/ramonfreire.cl\/musicaysonido\/wp-content\/uploads\/2013\/11\/m\u00fasica-y-cerebro--300x194.jpg\" alt=\"m\u00fasica-y-cerebro-\" width=\"300\" height=\"194\" srcset=\"https:\/\/ramonfreire.cl\/musicaysonido\/wp-content\/uploads\/2013\/11\/m\u00fasica-y-cerebro--300x194.jpg 300w, https:\/\/ramonfreire.cl\/musicaysonido\/wp-content\/uploads\/2013\/11\/m\u00fasica-y-cerebro-.jpg 406w\" sizes=\"auto, (max-width: 300px) 100vw, 300px\" \/><\/a>Los aprendizajes nuevos no \u2018ocupan espacio\u2019 es al rev\u00e9s crean zonas neuronales donde antes no las hab\u00edan.<\/p>\n<p style=\"text-align: justify;\">Luego el aprender m\u00fasica aumenta nuestra capacidad intelectual pues las \u00a0mismas zonas en nuestra mente que se usan en la lectura musical, se utilizaran adem\u00e1s en muchas otras actividades, por lo tanto este tipo de aprendizaje es un potenciador de la mente y de las habilidades intelectuales humanas.<\/p>\n<p style=\"text-align: justify;\"><strong>EL SENTIDO DEL RITMO<\/strong><a href=\"http:\/\/ramonfreire.cl\/musicaysonido\/wp-content\/uploads\/2013\/11\/musica.jpg\"><img loading=\"lazy\" decoding=\"async\" class=\"alignleft size-medium wp-image-565\" src=\"http:\/\/ramonfreire.cl\/musicaysonido\/wp-content\/uploads\/2013\/11\/musica-300x174.jpg\" alt=\"musica\" width=\"300\" height=\"174\" srcset=\"https:\/\/ramonfreire.cl\/musicaysonido\/wp-content\/uploads\/2013\/11\/musica-300x174.jpg 300w, https:\/\/ramonfreire.cl\/musicaysonido\/wp-content\/uploads\/2013\/11\/musica.jpg 620w\" sizes=\"auto, (max-width: 300px) 100vw, 300px\" \/><\/a><\/p>\n<p style=\"text-align: justify;\">Como ejemplo, al desarrollar el sentido del ritmo nos volvemos mas sensibles, nos ense\u00f1oreamos mejor de nuestro esp\u00edritu y propendemos a un orden y bienestar \u00a0concientes en nuestro quehacer cotidiano.<\/p>\n<p style=\"text-align: justify;\">El sentido del ritmo nos impregna mas alla de lo meramente musical afectando nuestra mente, nuestra biolog\u00eda y nuestro estado general del ser.<\/p>\n<p style=\"text-align: justify;\"><strong>AUTOESTIMA y SENSIBILIDAD<\/strong><\/p>\n<p style=\"text-align: justify;\"><a href=\"http:\/\/ramonfreire.cl\/musicaysonido\/wp-content\/uploads\/2013\/11\/midi-soft.jpg\"><img loading=\"lazy\" decoding=\"async\" class=\"alignleft size-medium wp-image-568\" src=\"http:\/\/ramonfreire.cl\/musicaysonido\/wp-content\/uploads\/2013\/11\/midi-soft-300x248.jpg\" alt=\"midi soft\" width=\"300\" height=\"248\" srcset=\"https:\/\/ramonfreire.cl\/musicaysonido\/wp-content\/uploads\/2013\/11\/midi-soft-300x248.jpg 300w, https:\/\/ramonfreire.cl\/musicaysonido\/wp-content\/uploads\/2013\/11\/midi-soft.jpg 791w\" sizes=\"auto, (max-width: 300px) 100vw, 300px\" \/><\/a>Finalmente un sentido de sana autoestima se eleva y una capacidad renovada por la apreciaci\u00f3n est\u00e9tica, el arte \u00a0y la belleza \u00a0se desarrollan y acent\u00faan.<\/p>\n<p style=\"text-align: justify;\">Recomendado a Sonidistas , Ingenieros, Productores, m\u00fasicos, estudiantes \u00a0y p\u00fablico en general que deseen desarrollar sus habilidades r\u00edtmicas y musicales de una forma f\u00e1cil y amena y en poco tiempo.<\/p>\n<p style=\"text-align: justify;\">Especial para usar softwares musicales de composici\u00f3n y para escribir partituras sencillas para inscripciones en el Copyright internacional<\/p>\n<p style=\"text-align: justify;\">El curso Consta de una gu\u00eda escrita, videos (ver ejemplo al final) y asesoria on-line.<\/p>\n<p><strong>CONTENIDOS DEL CURSO:<\/strong><\/p>\n<ul>\n<li>Llaves o claves en m\u00fasica<\/li>\n<li>Compases<\/li>\n<li>Cifras indicadoras de comp\u00e1s<\/li>\n<li>Lectura r\u00edtmica<\/li>\n<li>Claves\u00a0 para leer instant\u00e1neamente<\/li>\n<li>Figuras y silencios<\/li>\n<li>Lectura mel\u00f3dica<\/li>\n<li>Notas en l\u00ednea y en espacios<\/li>\n<li>Indicadores y signos de repetici\u00f3n<\/li>\n<li>Armaduras de clave<\/li>\n<li>Indicadores de velocidad<\/li>\n<li>Indicadores de din\u00e1mica<\/li>\n<\/ul>\n<p><strong>Duraci\u00f3n:<\/strong>\u00a04 semanas<\/p>\n<p>Las clases comienzan cuando desee, una vez que se haya inscrito y enviado su comprobante a freireramongmail.com<\/p>\n<p><span style=\"font-family: arial, helvetica, sans-serif; font-size: 14pt;\"><strong><span style=\"color: #0000ff;\">Valor:<br \/>\n<\/span><\/strong><\/span><span style=\"font-family: arial, helvetica, sans-serif; font-size: 14pt;\">\u00a0 \u00a0 \u00a0 \u00a0\u00a0<strong><br \/>\n<\/strong><\/span><span style=\"font-family: arial, helvetica, sans-serif; font-size: 14pt;\"> <strong>U$39 dolares desde el extranjero<\/strong><\/span><\/p>\n<p><span style=\"font-family: arial, helvetica, sans-serif; font-size: 14pt;\">\u00a0<strong>$39 mil<\/strong> pesos Chile<\/span><span style=\"font-family: arial, helvetica, sans-serif; font-size: 14pt;\">\u00a0 \u00a0 \u00a0 \u00a0 \u00a0 \u00a0<\/span><\/p>\n<p><span style=\"font-size: 18.6667px;\"><a href=\"https:\/\/ramonfreire.cl\/musicaysonido\/pago-curso-musica-piano-guitarra\/\" target=\"_blank\" rel=\"noopener\"><span style=\"font-family: arial, helvetica, sans-serif;\"><b>para PAGAR CURSO AQUI<\/b><\/span><\/a><\/span><\/p>\n<p>Los invitamos a que disfruten <strong>GRATIS<\/strong>\u00a0 de parte del material de nuestro nuevo Curso b\u00e1sico de Lectura musical para adultos y j\u00f3venes. Imprescindible para m\u00fasicos, sonidistas ingenieros, productores y p\u00fablico interesado en general: <object width=\"420\" height=\"315\" classid=\"clsid:d27cdb6e-ae6d-11cf-96b8-444553540000\" codebase=\"http:\/\/download.macromedia.com\/pub\/shockwave\/cabs\/flash\/swflash.cab#version=6,0,40,0\"><param name=\"allowFullScreen\" value=\"true\" \/><param name=\"allowscriptaccess\" value=\"always\" \/><param name=\"src\" value=\"\/\/www.youtube.com\/v\/frGc9HAgBE4?hl=es_ES&amp;version=3&amp;rel=0\" \/><param name=\"allowfullscreen\" value=\"true\" \/><embed width=\"420\" height=\"315\" type=\"application\/x-shockwave-flash\" src=\"\/\/www.youtube.com\/v\/frGc9HAgBE4?hl=es_ES&amp;version=3&amp;rel=0\" allowfullscreen=\"allowfullscreen\" allowscriptaccess=\"always\" \/><\/object><\/p>\n<p style=\"text-align: center;\">\n","protected":false},"excerpt":{"rendered":"<p>Nuevo curso LECTURA MUSICAL para adultos y j\u00f3venes. El lenguaje musical formal: Signos, notas, partituras, puede parecer intimidante, pero su estudio guiado nos proporciona habilidades nuevas que influyen en toda nuestra vida no solo musicalmente. La m\u00fasica es un aspecto &hellip; <a href=\"https:\/\/ramonfreire.cl\/musicaysonido\/lectura-musical\/\">Sigue leyendo <span class=\"meta-nav\">&rarr;<\/span><\/a><\/p>\n","protected":false},"author":1,"featured_media":0,"parent":0,"menu_order":0,"comment_status":"closed","ping_status":"open","template":"","meta":{"_exactmetrics_skip_tracking":false,"_exactmetrics_sitenote_active":false,"_exactmetrics_sitenote_note":"","_exactmetrics_sitenote_category":0,"_monsterinsights_skip_tracking":false,"_monsterinsights_sitenote_active":false,"_monsterinsights_sitenote_note":"","_monsterinsights_sitenote_category":0,"footnotes":""},"class_list":["post-535","page","type-page","status-publish","hentry"],"aioseo_notices":[],"_links":{"self":[{"href":"https:\/\/ramonfreire.cl\/musicaysonido\/wp-json\/wp\/v2\/pages\/535","targetHints":{"allow":["GET"]}}],"collection":[{"href":"https:\/\/ramonfreire.cl\/musicaysonido\/wp-json\/wp\/v2\/pages"}],"about":[{"href":"https:\/\/ramonfreire.cl\/musicaysonido\/wp-json\/wp\/v2\/types\/page"}],"author":[{"embeddable":true,"href":"https:\/\/ramonfreire.cl\/musicaysonido\/wp-json\/wp\/v2\/users\/1"}],"replies":[{"embeddable":true,"href":"https:\/\/ramonfreire.cl\/musicaysonido\/wp-json\/wp\/v2\/comments?post=535"}],"version-history":[{"count":25,"href":"https:\/\/ramonfreire.cl\/musicaysonido\/wp-json\/wp\/v2\/pages\/535\/revisions"}],"predecessor-version":[{"id":3129,"href":"https:\/\/ramonfreire.cl\/musicaysonido\/wp-json\/wp\/v2\/pages\/535\/revisions\/3129"}],"wp:attachment":[{"href":"https:\/\/ramonfreire.cl\/musicaysonido\/wp-json\/wp\/v2\/media?parent=535"}],"curies":[{"name":"wp","href":"https:\/\/api.w.org\/{rel}","templated":true}]}}