{"id":3343,"date":"2025-06-15T18:01:34","date_gmt":"2025-06-15T22:01:34","guid":{"rendered":"https:\/\/ramonfreire.cl\/musicaysonido\/?page_id=3343"},"modified":"2025-06-15T18:01:35","modified_gmt":"2025-06-15T22:01:35","slug":"quadrivium","status":"publish","type":"page","link":"https:\/\/ramonfreire.cl\/musicaysonido\/quadrivium\/","title":{"rendered":"QUADRIVIUM"},"content":{"rendered":"\n<p>El Quadrivium es parte de las siete artes liberales estudiadas y recomendadas por los antiguos sabios de Grecia y se centra en el estudio de: aritm\u00e9tica, geometr\u00eda, m\u00fasica y astronom\u00eda.<\/p>\n\n\n\n<figure class=\"wp-block-image size-large\"><a href=\"https:\/\/ramonfreire.cl\/musicaysonido\/wp-content\/uploads\/2025\/06\/QUA.jpg\"><img loading=\"lazy\" decoding=\"async\" width=\"1024\" height=\"1024\" src=\"https:\/\/ramonfreire.cl\/musicaysonido\/wp-content\/uploads\/2025\/06\/QUA-1024x1024.jpg\" alt=\"\" class=\"wp-image-3344\" srcset=\"https:\/\/ramonfreire.cl\/musicaysonido\/wp-content\/uploads\/2025\/06\/QUA-1024x1024.jpg 1024w, https:\/\/ramonfreire.cl\/musicaysonido\/wp-content\/uploads\/2025\/06\/QUA-300x300.jpg 300w, https:\/\/ramonfreire.cl\/musicaysonido\/wp-content\/uploads\/2025\/06\/QUA-150x150.jpg 150w, https:\/\/ramonfreire.cl\/musicaysonido\/wp-content\/uploads\/2025\/06\/QUA-768x768.jpg 768w, https:\/\/ramonfreire.cl\/musicaysonido\/wp-content\/uploads\/2025\/06\/QUA.jpg 1280w\" sizes=\"auto, (max-width: 1024px) 100vw, 1024px\" \/><\/a><\/figure>\n\n\n\n<p><br>Estas disciplinas representan s\u00f3lidas herramientas para avanzar hacia la verdad y la sabidur\u00eda.<br>Mientras que el Trivium se enfoca en el desarrollo del lenguaje y las habilidades de<br>comunicaci\u00f3n, el Quadrivium se centra en el conocimiento matem\u00e1tico y cient\u00edfico. Juntos,<br>formando una base firme para la vida y el estudio de la filosof\u00eda y toda ciencia.<br>La importancia del Quadrivium se debe a la certeza de que una Inteligencia Superior, o Dios, est\u00e1 detr\u00e1s de todo esto que nos rodea , siguiendo principios de armon\u00eda y proporci\u00f3n, las cuales se manifiestan en las matem\u00e1ticas, la geometr\u00eda, la m\u00fasica y todo el universo. Por lo tanto, estudiar el Quadrivium es una v\u00eda para liberarnos de razonamientos ajenos que nos pueden inducir a error y esclavitud.<\/p>\n\n\n\n<figure class=\"wp-block-image size-large\"><a href=\"https:\/\/ramonfreire.cl\/musicaysonido\/wp-content\/uploads\/2025\/06\/quadrivium-astronomia.jpg\"><img loading=\"lazy\" decoding=\"async\" width=\"1024\" height=\"1024\" src=\"https:\/\/ramonfreire.cl\/musicaysonido\/wp-content\/uploads\/2025\/06\/quadrivium-astronomia-1024x1024.jpg\" alt=\"\" class=\"wp-image-3345\" srcset=\"https:\/\/ramonfreire.cl\/musicaysonido\/wp-content\/uploads\/2025\/06\/quadrivium-astronomia-1024x1024.jpg 1024w, https:\/\/ramonfreire.cl\/musicaysonido\/wp-content\/uploads\/2025\/06\/quadrivium-astronomia-300x300.jpg 300w, https:\/\/ramonfreire.cl\/musicaysonido\/wp-content\/uploads\/2025\/06\/quadrivium-astronomia-150x150.jpg 150w, https:\/\/ramonfreire.cl\/musicaysonido\/wp-content\/uploads\/2025\/06\/quadrivium-astronomia-768x768.jpg 768w, https:\/\/ramonfreire.cl\/musicaysonido\/wp-content\/uploads\/2025\/06\/quadrivium-astronomia.jpg 1280w\" sizes=\"auto, (max-width: 1024px) 100vw, 1024px\" \/><\/a><\/figure>\n\n\n\n<p><br>En resumen, el Quadrivium es una parte fundamental de la educaci\u00f3n humana, que nos libera de errores, y su estudio se considera esencial para comprender la realidad externa e interna humana y toda la creaci\u00f3n de la cual somos parte esencial.<\/p>\n\n\n\n<p>Materiales para tomar el curso:<\/p>\n\n\n\n<ul class=\"wp-block-list\">\n<li>Comp\u00e1s<\/li>\n<\/ul>\n\n\n\n<ul class=\"wp-block-list\">\n<li>Escuadra<\/li>\n<\/ul>\n\n\n\n<ul class=\"wp-block-list\">\n<li>Cuaderno y lapices<\/li>\n<\/ul>\n\n\n\n<p>El curso tienen un valor de 49 dolares 49 mil pesos chilenos y para adquirirlo <a href=\"https:\/\/ramonfreire.cl\/musicaysonido\/pago-curso-musica-piano-guitarra\/\" title=\"\">solo haz click.<\/a><\/p>\n\n\n\n<figure class=\"wp-block-image size-large\"><a href=\"https:\/\/ramonfreire.cl\/musicaysonido\/wp-content\/uploads\/2025\/06\/Musica-QUADRIVIUM.jpg\"><img loading=\"lazy\" decoding=\"async\" width=\"1024\" height=\"1024\" src=\"https:\/\/ramonfreire.cl\/musicaysonido\/wp-content\/uploads\/2025\/06\/Musica-QUADRIVIUM-1024x1024.jpg\" alt=\"\" class=\"wp-image-3346\" srcset=\"https:\/\/ramonfreire.cl\/musicaysonido\/wp-content\/uploads\/2025\/06\/Musica-QUADRIVIUM-1024x1024.jpg 1024w, https:\/\/ramonfreire.cl\/musicaysonido\/wp-content\/uploads\/2025\/06\/Musica-QUADRIVIUM-300x300.jpg 300w, https:\/\/ramonfreire.cl\/musicaysonido\/wp-content\/uploads\/2025\/06\/Musica-QUADRIVIUM-150x150.jpg 150w, https:\/\/ramonfreire.cl\/musicaysonido\/wp-content\/uploads\/2025\/06\/Musica-QUADRIVIUM-768x768.jpg 768w, https:\/\/ramonfreire.cl\/musicaysonido\/wp-content\/uploads\/2025\/06\/Musica-QUADRIVIUM.jpg 1280w\" sizes=\"auto, (max-width: 1024px) 100vw, 1024px\" \/><\/a><\/figure>\n","protected":false},"excerpt":{"rendered":"<p>El Quadrivium es parte de las siete artes liberales estudiadas y recomendadas por los antiguos sabios de Grecia y se centra en el estudio de: aritm\u00e9tica, geometr\u00eda, m\u00fasica y astronom\u00eda. Estas disciplinas representan s\u00f3lidas herramientas para avanzar hacia la verdad &hellip; <a href=\"https:\/\/ramonfreire.cl\/musicaysonido\/quadrivium\/\">Sigue leyendo <span class=\"meta-nav\">&rarr;<\/span><\/a><\/p>\n","protected":false},"author":1,"featured_media":0,"parent":0,"menu_order":0,"comment_status":"closed","ping_status":"closed","template":"","meta":{"_exactmetrics_skip_tracking":false,"_exactmetrics_sitenote_active":false,"_exactmetrics_sitenote_note":"","_exactmetrics_sitenote_category":0,"_monsterinsights_skip_tracking":false,"_monsterinsights_sitenote_active":false,"_monsterinsights_sitenote_note":"","_monsterinsights_sitenote_category":0,"footnotes":""},"class_list":["post-3343","page","type-page","status-publish","hentry"],"aioseo_notices":[],"_links":{"self":[{"href":"https:\/\/ramonfreire.cl\/musicaysonido\/wp-json\/wp\/v2\/pages\/3343","targetHints":{"allow":["GET"]}}],"collection":[{"href":"https:\/\/ramonfreire.cl\/musicaysonido\/wp-json\/wp\/v2\/pages"}],"about":[{"href":"https:\/\/ramonfreire.cl\/musicaysonido\/wp-json\/wp\/v2\/types\/page"}],"author":[{"embeddable":true,"href":"https:\/\/ramonfreire.cl\/musicaysonido\/wp-json\/wp\/v2\/users\/1"}],"replies":[{"embeddable":true,"href":"https:\/\/ramonfreire.cl\/musicaysonido\/wp-json\/wp\/v2\/comments?post=3343"}],"version-history":[{"count":1,"href":"https:\/\/ramonfreire.cl\/musicaysonido\/wp-json\/wp\/v2\/pages\/3343\/revisions"}],"predecessor-version":[{"id":3347,"href":"https:\/\/ramonfreire.cl\/musicaysonido\/wp-json\/wp\/v2\/pages\/3343\/revisions\/3347"}],"wp:attachment":[{"href":"https:\/\/ramonfreire.cl\/musicaysonido\/wp-json\/wp\/v2\/media?parent=3343"}],"curies":[{"name":"wp","href":"https:\/\/api.w.org\/{rel}","templated":true}]}}