{"id":3269,"date":"2025-05-13T20:42:53","date_gmt":"2025-05-14T00:42:53","guid":{"rendered":"https:\/\/ramonfreire.cl\/musicaysonido\/?page_id=3269"},"modified":"2025-05-13T20:56:08","modified_gmt":"2025-05-14T00:56:08","slug":"noticias","status":"publish","type":"page","link":"https:\/\/ramonfreire.cl\/musicaysonido\/noticias\/","title":{"rendered":"Noticias"},"content":{"rendered":"\n<p>Concierto GRATIS y albumes dobles de nuestra m\u00fasica solicitarlo a freireramon@gmail.com<\/p>\n\n\n\n<figure class=\"wp-block-embed-youtube wp-block-embed is-type-video is-provider-youtube wp-embed-aspect-16-9 wp-has-aspect-ratio\"><div class=\"wp-block-embed__wrapper\">\n<iframe loading=\"lazy\" title=\"la dama del lago\" width=\"584\" height=\"329\" src=\"https:\/\/www.youtube.com\/embed\/qGMgVYmgKuY?feature=oembed\" frameborder=\"0\" allow=\"accelerometer; autoplay; clipboard-write; encrypted-media; gyroscope; picture-in-picture; web-share\" referrerpolicy=\"strict-origin-when-cross-origin\" allowfullscreen><\/iframe>\n<\/div><\/figure>\n\n\n\n<p><a href=\"https:\/\/es.khanacademy.org\/\">EDUCACION GRATIS<\/a><\/p>\n\n\n\n<p> Desde 1 grado de educaci\u00f3n b\u00e1sica  hasta 2 a\u00f1o de Universidad<br><br><\/p>\n\n\n\n<p><br><\/p>\n\n\n\n<figure class=\"wp-block-image is-resized\"><img loading=\"lazy\" decoding=\"async\" src=\"https:\/\/ramonfreire.cl\/musicaysonido\/wp-content\/uploads\/2025\/05\/hypatia-1024x1024.jpg\" alt=\"\" class=\"wp-image-3271\" width=\"243\" height=\"250\"\/><\/figure>\n\n\n\n<p> <\/p>\n\n\n\n<p><a href=\"https:\/\/www.coursera.org\"><strong>Educacion GRATIS Universitaria<\/strong><\/a><\/p>\n\n\n\n<p><br><\/p>\n\n\n\n<figure class=\"wp-block-image is-resized\"><img loading=\"lazy\" decoding=\"async\" src=\"https:\/\/ramonfreire.cl\/musicaysonido\/wp-content\/uploads\/2025\/05\/imagen-1-b-1024x976.jpg\" alt=\"\" class=\"wp-image-3272\" width=\"253\" height=\"248\"\/><\/figure>\n\n\n\n<p><\/p>\n","protected":false},"excerpt":{"rendered":"<p>Concierto GRATIS y albumes dobles de nuestra m\u00fasica solicitarlo a freireramon@gmail.com EDUCACION GRATIS Desde 1 grado de educaci\u00f3n b\u00e1sica hasta 2 a\u00f1o de Universidad Educacion GRATIS Universitaria<\/p>\n","protected":false},"author":1,"featured_media":0,"parent":0,"menu_order":0,"comment_status":"closed","ping_status":"closed","template":"","meta":{"_exactmetrics_skip_tracking":false,"_exactmetrics_sitenote_active":false,"_exactmetrics_sitenote_note":"","_exactmetrics_sitenote_category":0,"_monsterinsights_skip_tracking":false,"_monsterinsights_sitenote_active":false,"_monsterinsights_sitenote_note":"","_monsterinsights_sitenote_category":0,"footnotes":""},"class_list":["post-3269","page","type-page","status-publish","hentry"],"aioseo_notices":[],"_links":{"self":[{"href":"https:\/\/ramonfreire.cl\/musicaysonido\/wp-json\/wp\/v2\/pages\/3269","targetHints":{"allow":["GET"]}}],"collection":[{"href":"https:\/\/ramonfreire.cl\/musicaysonido\/wp-json\/wp\/v2\/pages"}],"about":[{"href":"https:\/\/ramonfreire.cl\/musicaysonido\/wp-json\/wp\/v2\/types\/page"}],"author":[{"embeddable":true,"href":"https:\/\/ramonfreire.cl\/musicaysonido\/wp-json\/wp\/v2\/users\/1"}],"replies":[{"embeddable":true,"href":"https:\/\/ramonfreire.cl\/musicaysonido\/wp-json\/wp\/v2\/comments?post=3269"}],"version-history":[{"count":3,"href":"https:\/\/ramonfreire.cl\/musicaysonido\/wp-json\/wp\/v2\/pages\/3269\/revisions"}],"predecessor-version":[{"id":3280,"href":"https:\/\/ramonfreire.cl\/musicaysonido\/wp-json\/wp\/v2\/pages\/3269\/revisions\/3280"}],"wp:attachment":[{"href":"https:\/\/ramonfreire.cl\/musicaysonido\/wp-json\/wp\/v2\/media?parent=3269"}],"curies":[{"name":"wp","href":"https:\/\/api.w.org\/{rel}","templated":true}]}}