{"id":3194,"date":"2025-05-12T20:53:05","date_gmt":"2025-05-13T00:53:05","guid":{"rendered":"https:\/\/ramonfreire.cl\/musicaysonido\/?page_id=3194"},"modified":"2025-12-30T13:17:20","modified_gmt":"2025-12-30T16:17:20","slug":"club","status":"publish","type":"page","link":"https:\/\/ramonfreire.cl\/musicaysonido\/club\/","title":{"rendered":"CLUB"},"content":{"rendered":"\n<p>Con el coraz\u00f3n lleno de gratitud, queremos expresar nuestro agradecimiento a todos aquellos que han sido parte de nuestros encuentros en Chile y el extranjero.<\/p>\n\n\n\n<figure class=\"wp-block-image size-full is-resized\"><a href=\"https:\/\/ramonfreire.cl\/musicaysonido\/wp-content\/uploads\/2025\/12\/encuentro-jardin-botanico-1.jpg\"><img loading=\"lazy\" decoding=\"async\" width=\"832\" height=\"554\" src=\"https:\/\/ramonfreire.cl\/musicaysonido\/wp-content\/uploads\/2025\/12\/encuentro-jardin-botanico-1.jpg\" alt=\"\" class=\"wp-image-3401\" style=\"aspect-ratio:1.4848290194596636;width:460px;height:auto\"\/><\/a><\/figure>\n\n\n\n<p>En teatros, iglesias, salones y al aire libre, hemos compartido momentos m\u00e1gicos.<br>En TV, radio y redes sociales, hemos extendido nuestro mensaje de amor y conexi\u00f3n.<br>A todos los amigos que han participado e inspirado con su presencia y colaboraci\u00f3n, les estamos eternamente agradecidos.<\/p>\n\n\n\n<p>\u00a1\u00danete a nuestra misi\u00f3n de hacer que la cultura sea un regalo para todos!<\/p>\n\n\n\n<p><\/p>\n\n\n\n<p><strong>Quienes somos:<\/strong><\/p>\n\n\n\n<figure class=\"wp-block-image is-resized\"><img loading=\"lazy\" decoding=\"async\" width=\"864\" height=\"512\" src=\"https:\/\/ramonfreire.cl\/musicaysonido\/wp-content\/uploads\/2025\/05\/CLUB-DE-AMIGOS.jpg\" alt=\"\" class=\"wp-image-3247\" style=\"width:449px;height:267px\" srcset=\"https:\/\/ramonfreire.cl\/musicaysonido\/wp-content\/uploads\/2025\/05\/CLUB-DE-AMIGOS.jpg 864w, https:\/\/ramonfreire.cl\/musicaysonido\/wp-content\/uploads\/2025\/05\/CLUB-DE-AMIGOS-300x178.jpg 300w, https:\/\/ramonfreire.cl\/musicaysonido\/wp-content\/uploads\/2025\/05\/CLUB-DE-AMIGOS-768x455.jpg 768w, https:\/\/ramonfreire.cl\/musicaysonido\/wp-content\/uploads\/2025\/05\/CLUB-DE-AMIGOS-500x296.jpg 500w\" sizes=\"auto, (max-width: 864px) 100vw, 864px\" \/><\/figure>\n\n\n\n<h4 class=\"wp-block-heading\">Somos un grupo de personas amantes del saber y conscientes de la<br>importancia de la difusi\u00f3n de cultura, artes, historia, filosof\u00eda y<br>todo aquello que nos ayuda a ser mejore mas fuertes y aut\u00f3nomos en<br>estos tiempos turbulentos .<\/h4>\n\n\n\n<figure class=\"wp-block-image size-full is-resized\"><a href=\"https:\/\/ramonfreire.cl\/musicaysonido\/wp-content\/uploads\/2025\/12\/IMG_0691.jpg\"><img decoding=\"async\" src=\"https:\/\/ramonfreire.cl\/musicaysonido\/wp-content\/uploads\/2025\/12\/IMG_0691.jpg\" alt=\"\" class=\"wp-image-3391\" style=\"aspect-ratio:1.4858957876427437;width:462px;height:auto\"\/><\/a><\/figure>\n\n\n\n<p>Estamos comprometidos libremente con la difusi\u00f3n a trav\u00e9s de\nesta plataforma y deseamos su permanencia en el tiempo y su\nsustentabilidad futura.<\/p>\n\n\n\n<h2 class=\"wp-block-heading\"><strong>Qu\u00e9 hacemos:<\/strong><\/h2>\n\n\n\n<ul class=\"wp-block-list\">\n<li>Apoyamos la sustentabilidad futura de esta iniciatica cultural<br>con nuestros aportes y\/o donaciones libres.<br>\t\t<\/li>\n\n\n\n<li>Promovemos la organizaci\u00f3n  de instancias \tpara sociabilizar y compartir. <br>\t\t<\/li>\n\n\n\n<li>Participamos en la\tdifusi\u00f3n de los temas que nos convocan. <br>\t\t<\/li>\n\n\n\n<li>Tenemos momentos de encuentro\tcon otros para conocernos y compartir. <br><\/li>\n<\/ul>\n\n\n\n<h2 class=\"wp-block-heading\">Hazte miembro ahora con un aporte mensual o  donaci\u00f3n espont\u00e1nea<\/h2>\n\n\n\n<ul class=\"wp-block-list\">\n<li><a href=\"https:\/\/ramonfreire.cl\/musicaysonido\/pago-curso-musica-piano-guitarra\/\">1 caf\u00e9 2500 pesos chilenos <\/a>o <a href=\"https:\/\/www.paypal.com\/donate\/?cmd=_s-xclick&amp;hosted_button_id=LU2RQWT34LUQC&amp;source=url\">U$3 d\u00f3lares<\/a>  <\/li>\n\n\n\n<li><a href=\"https:\/\/ramonfreire.cl\/musicaysonido\/pago-curso-musica-piano-guitarra\/\">1 desayuno 5 mil pesos chilenos<\/a> o <a href=\"https:\/\/www.paypal.com\/donate\/?cmd=_s-xclick&amp;hosted_button_id=LU2RQWT34LUQC&amp;source=url\">U$7 d\u00f3lares<\/a>  <\/li>\n\n\n\n<li><a href=\"https:\/\/ramonfreire.cl\/musicaysonido\/pago-curso-musica-piano-guitarra\/\">1 almuerzo 10 mil pesos chilenos<\/a> o <a href=\"https:\/\/www.paypal.com\/donate\/?cmd=_s-xclick&amp;hosted_button_id=LU2RQWT34LUQC&amp;source=url\">U$15 d\u00f3lares<\/a>  <\/li>\n\n\n\n<li><a href=\"https:\/\/ramonfreire.cl\/musicaysonido\/pago-curso-musica-piano-guitarra\/\">1 cena 20 mil pesos chilenos <\/a>o <a href=\"https:\/\/www.paypal.com\/donate\/?cmd=_s-xclick&amp;hosted_button_id=LU2RQWT34LUQC&amp;source=url\">U$30 d\u00f3lares<\/a>  <\/li>\n\n\n\n<li><a href=\"https:\/\/ramonfreire.cl\/musicaysonido\/pago-curso-musica-piano-guitarra\/\">Aporte libre en pesos chilenos <\/a>o <a href=\"https:\/\/www.paypal.com\/donate\/?cmd=_s-xclick&amp;hosted_button_id=LU2RQWT34LUQC&amp;source=url\">en d\u00f3lares<\/a>  <\/li>\n<\/ul>\n\n\n\n<p><strong>PARA INGRESAR COMO MIEMBRO AL CLUB DE AMIGOS:<\/strong><\/p>\n\n\n\n<p>Solo haz el aporte que elijas en <a href=\"https:\/\/ramonfreire.cl\/musicaysonido\/pago-curso-musica-piano-guitarra\/\">pesos chilenos<\/a> o <a href=\"https:\/\/www.paypal.com\/donate\/?cmd=_s-xclick&amp;hosted_button_id=LU2RQWT34LUQC&amp;source=url\">en d\u00f3lares<\/a> y luego env\u00edanos tu comprobante desde tu correo personal con:<\/p>\n\n\n\n<ul class=\"wp-block-list\">\n<li>Nombre y Apellido a <strong>freireramon@gmail.com<\/strong> y<br>y ya eres parte del club!<br>\t<br><\/li>\n<\/ul>\n","protected":false},"excerpt":{"rendered":"<p>Con el coraz\u00f3n lleno de gratitud, queremos expresar nuestro agradecimiento a todos aquellos que han sido parte de nuestros encuentros en Chile y el extranjero. En teatros, iglesias, salones y al aire libre, hemos compartido momentos m\u00e1gicos.En TV, radio y &hellip; <a href=\"https:\/\/ramonfreire.cl\/musicaysonido\/club\/\">Sigue leyendo <span class=\"meta-nav\">&rarr;<\/span><\/a><\/p>\n","protected":false},"author":1,"featured_media":0,"parent":0,"menu_order":0,"comment_status":"closed","ping_status":"closed","template":"","meta":{"_exactmetrics_skip_tracking":false,"_exactmetrics_sitenote_active":false,"_exactmetrics_sitenote_note":"","_exactmetrics_sitenote_category":0,"_monsterinsights_skip_tracking":false,"_monsterinsights_sitenote_active":false,"_monsterinsights_sitenote_note":"","_monsterinsights_sitenote_category":0,"footnotes":""},"class_list":["post-3194","page","type-page","status-publish","hentry"],"aioseo_notices":[],"_links":{"self":[{"href":"https:\/\/ramonfreire.cl\/musicaysonido\/wp-json\/wp\/v2\/pages\/3194","targetHints":{"allow":["GET"]}}],"collection":[{"href":"https:\/\/ramonfreire.cl\/musicaysonido\/wp-json\/wp\/v2\/pages"}],"about":[{"href":"https:\/\/ramonfreire.cl\/musicaysonido\/wp-json\/wp\/v2\/types\/page"}],"author":[{"embeddable":true,"href":"https:\/\/ramonfreire.cl\/musicaysonido\/wp-json\/wp\/v2\/users\/1"}],"replies":[{"embeddable":true,"href":"https:\/\/ramonfreire.cl\/musicaysonido\/wp-json\/wp\/v2\/comments?post=3194"}],"version-history":[{"count":9,"href":"https:\/\/ramonfreire.cl\/musicaysonido\/wp-json\/wp\/v2\/pages\/3194\/revisions"}],"predecessor-version":[{"id":3403,"href":"https:\/\/ramonfreire.cl\/musicaysonido\/wp-json\/wp\/v2\/pages\/3194\/revisions\/3403"}],"wp:attachment":[{"href":"https:\/\/ramonfreire.cl\/musicaysonido\/wp-json\/wp\/v2\/media?parent=3194"}],"curies":[{"name":"wp","href":"https:\/\/api.w.org\/{rel}","templated":true}]}}