{"id":3163,"date":"2025-05-12T19:59:04","date_gmt":"2025-05-12T23:59:04","guid":{"rendered":"https:\/\/ramonfreire.cl\/musicaysonido\/?page_id=3163"},"modified":"2025-05-12T20:02:26","modified_gmt":"2025-05-13T00:02:26","slug":"trivium","status":"publish","type":"page","link":"https:\/\/ramonfreire.cl\/musicaysonido\/trivium\/","title":{"rendered":"TRIVIUM"},"content":{"rendered":"\n<figure class=\"wp-block-image\"><img loading=\"lazy\" decoding=\"async\" width=\"1024\" height=\"615\" src=\"https:\/\/ramonfreire.cl\/musicaysonido\/wp-content\/uploads\/2025\/05\/trivium-ram-1024x615.jpg\" alt=\"\" class=\"wp-image-3167\" srcset=\"https:\/\/ramonfreire.cl\/musicaysonido\/wp-content\/uploads\/2025\/05\/trivium-ram-1024x615.jpg 1024w, https:\/\/ramonfreire.cl\/musicaysonido\/wp-content\/uploads\/2025\/05\/trivium-ram-300x180.jpg 300w, https:\/\/ramonfreire.cl\/musicaysonido\/wp-content\/uploads\/2025\/05\/trivium-ram-768x461.jpg 768w, https:\/\/ramonfreire.cl\/musicaysonido\/wp-content\/uploads\/2025\/05\/trivium-ram-500x300.jpg 500w\" sizes=\"auto, (max-width: 1024px) 100vw, 1024px\" \/><\/figure>\n\n\n\n<p>Una herramienta para escapar de la caverna<\/p>\n\n\n\n<p>\u00bfQUE ES EL TRIVIUM?<\/p>\n\n\n\n<p>El Trivium es un m\u00e9todo de ense\u00f1anza ancestral, proviene de la\nantigua Grecia, y esta lo hered\u00f3 de culturas m\u00e1s antiguas.&nbsp;<\/p>\n\n\n\n<p>El Trivium parte fundamental de las&nbsp; ARTES LIBERALES es&nbsp;\nrecomendado por sabios de todos los tiempos para hacernos libres de&nbsp;\nsistemas corruptos, enga\u00f1osos y paralizantes.<\/p>\n\n\n\n<p>Trivium&nbsp;es un m\u00e9todo con el cual se educaron grandes l\u00edderes\ne individuos influyentes de todos los tiempos, como Alejandro Magno,\nHypatia de Alejandr\u00eda, Ciceron el gran orador romano, San Agustin,\nTomas de Aquino , Erasmo de Rotterdam, Dante Alighieri, Hildegard von\nBingen, y la mayor\u00eda de l\u00edderes de todos los tiempos, hasta\nnuestros dias.<\/p>\n\n\n\n<p>El&nbsp;<strong>Trivium<\/strong>&nbsp;se centra en el desarrollo\nde las habilidades intelectuales y la formaci\u00f3n de la mente y el\ncar\u00e1cter.<\/p>\n\n\n\n<p>El objetivo principal del Triviumes proporcionar a los estudiantes\nuna educaci\u00f3n liberal y human\u00edstica que les permite desarrollar su\ncapacidad para pensar cr\u00edticamente, razonar l\u00f3gicamente y\nexpresarse de manera efectiva.<\/p>\n\n\n\n<p>El Trivium se divide en tres etapas, de ah\u00ed su nombre:<\/p>\n\n\n\n<ol class=\"wp-block-list\"><li>Gram\u00e1tica:En esta etapa, los\n\testudiantes aprend\u00edan las bases de la lengua y la literatura,\n\tincluyendo la lectura, la escritura y la gram\u00e1tica. El objetivo era\n\tdesarrollar la habilidad para leer y escribir de manera efectiva. \n\t\n\t<\/li><li>L\u00f3gica:Aqu\u00ed los estudiantes\n\taprenden a razonar l\u00f3gicamente y a desarrollar argumentos s\u00f3lidos \n\t\n\t<\/li><li>Ret\u00f3rica:Finalmente los estudiantes aprenden a expresarse de\n\tmanera efectiva y persuasiva.<br>El objetivo final del Trivium es\n\tproducir hombres y mujeres cultos, pensadores cr\u00edticos y\n\tcomunicadores efectivos que est\u00e9n preparados para participar en la\n\tvida real p\u00fablica y privada. Favoreciendo la educaci\u00f3n de gente\n\tvaliosa , m\u00e1s feliz, aut\u00f3noma e independiente.<br>Por eso se le\n\tconsidera alTRIVIUM&nbsp;como parte de las&nbsp;ARTES LIBERALES,pues\n\tnos da herramientas fundamentales para liberarnos de dogmas y\n\tartima\u00f1as de ingenier\u00eda social, imperantes en nuestra \u00e9poca,&nbsp;\n\tayudando a producir individuos,&nbsp;Hombres y Mujeres LIBRES. \n\t\n<\/li><\/ol>\n\n\n\n<p><strong>CURSO DE TRIVIUM<\/strong><\/p>\n\n\n\n<p>lista de materiales:<\/p>\n\n\n\n<ul class=\"wp-block-list\"><li>2 cuadernos de matem\u00e1ticas \n\t\n\t<\/li><li>2 l\u00e1pices tinta azul y rojo \n\t\n<\/li><\/ul>\n\n\n\n<p><strong>Duraci\u00f3n del curso:<\/strong><\/p>\n\n\n\n<ul class=\"wp-block-list\"><li>8 horas pedag\u00f3gicas, 2 horas semanales durante 4 semanas. \n\t\n<\/li><\/ul>\n\n\n\n<p><strong>Inicio de clases:<\/strong><\/p>\n\n\n\n<ul class=\"wp-block-list\"><li>Apenas se reciba la inscripci\u00f3n \n\t\n<\/li><\/ul>\n\n\n\n<p><strong>Valor del curso TRIVIUM completo:<\/strong><\/p>\n\n\n\n<ul class=\"wp-block-list\"><li><strong><a href=\"https:\/\/ramonfreire.cl\/musicaysonido\/pago-curso-musica-piano-guitarra\/\">4<\/a><\/strong><a href=\"https:\/\/ramonfreire.cl\/musicaysonido\/pago-curso-musica-piano-guitarra\/\">9 mil pesos chilenos, o U$49.  <\/a><\/li><\/ul>\n","protected":false},"excerpt":{"rendered":"<p>Una herramienta para escapar de la caverna \u00bfQUE ES EL TRIVIUM? El Trivium es un m\u00e9todo de ense\u00f1anza ancestral, proviene de la antigua Grecia, y esta lo hered\u00f3 de culturas m\u00e1s antiguas.&nbsp; El Trivium parte fundamental de las&nbsp; ARTES LIBERALES &hellip; <a href=\"https:\/\/ramonfreire.cl\/musicaysonido\/trivium\/\">Sigue leyendo <span class=\"meta-nav\">&rarr;<\/span><\/a><\/p>\n","protected":false},"author":1,"featured_media":0,"parent":0,"menu_order":0,"comment_status":"closed","ping_status":"closed","template":"","meta":{"_exactmetrics_skip_tracking":false,"_exactmetrics_sitenote_active":false,"_exactmetrics_sitenote_note":"","_exactmetrics_sitenote_category":0,"_monsterinsights_skip_tracking":false,"_monsterinsights_sitenote_active":false,"_monsterinsights_sitenote_note":"","_monsterinsights_sitenote_category":0,"footnotes":""},"class_list":["post-3163","page","type-page","status-publish","hentry"],"aioseo_notices":[],"_links":{"self":[{"href":"https:\/\/ramonfreire.cl\/musicaysonido\/wp-json\/wp\/v2\/pages\/3163","targetHints":{"allow":["GET"]}}],"collection":[{"href":"https:\/\/ramonfreire.cl\/musicaysonido\/wp-json\/wp\/v2\/pages"}],"about":[{"href":"https:\/\/ramonfreire.cl\/musicaysonido\/wp-json\/wp\/v2\/types\/page"}],"author":[{"embeddable":true,"href":"https:\/\/ramonfreire.cl\/musicaysonido\/wp-json\/wp\/v2\/users\/1"}],"replies":[{"embeddable":true,"href":"https:\/\/ramonfreire.cl\/musicaysonido\/wp-json\/wp\/v2\/comments?post=3163"}],"version-history":[{"count":2,"href":"https:\/\/ramonfreire.cl\/musicaysonido\/wp-json\/wp\/v2\/pages\/3163\/revisions"}],"predecessor-version":[{"id":3168,"href":"https:\/\/ramonfreire.cl\/musicaysonido\/wp-json\/wp\/v2\/pages\/3163\/revisions\/3168"}],"wp:attachment":[{"href":"https:\/\/ramonfreire.cl\/musicaysonido\/wp-json\/wp\/v2\/media?parent=3163"}],"curies":[{"name":"wp","href":"https:\/\/api.w.org\/{rel}","templated":true}]}}