{"id":1812,"date":"2017-09-19T21:59:40","date_gmt":"2017-09-20T00:59:40","guid":{"rendered":"http:\/\/ramonfreire.cl\/musicaysonido\/?page_id=1812"},"modified":"2026-01-27T10:40:09","modified_gmt":"2026-01-27T13:40:09","slug":"piano-basico","status":"publish","type":"page","link":"https:\/\/ramonfreire.cl\/musicaysonido\/piano-basico\/","title":{"rendered":"PIANO"},"content":{"rendered":"<p>nuevo\u00a0<strong>CURSO B\u00c1SICO\u00a0DE PIANO\u00a0<\/strong>\u00a0para adultos, j\u00f3venes y ni\u00f1os<\/p>\n<p><img loading=\"lazy\" decoding=\"async\" class=\"aligncenter size-full wp-image-1813\" src=\"http:\/\/ramonfreire.cl\/musicaysonido\/wp-content\/uploads\/2017\/09\/piano.jpg\" alt=\"\" width=\"495\" height=\"336\" srcset=\"https:\/\/ramonfreire.cl\/musicaysonido\/wp-content\/uploads\/2017\/09\/piano.jpg 495w, https:\/\/ramonfreire.cl\/musicaysonido\/wp-content\/uploads\/2017\/09\/piano-300x204.jpg 300w\" sizes=\"auto, (max-width: 495px) 100vw, 495px\" \/><\/p>\n<p>Este es un curso de <strong>PIANO<\/strong>, aplicable a cualquier tipo de<strong> TECLADO, SINTETIZADOR<\/strong> o similar.<\/p>\n<p>Es un curso musical \u00a0inicial, r\u00e1pido y econ\u00f3mico de solo 2 semanas de duraci\u00f3n.<\/p>\n<p><b>Dirigido a:<\/b><\/p>\n<p>Para publico en general, especialmente para adultos y j\u00f3venes, que deseen aprender \u00a0a hacer ACORDES MAYORES y MENORES , para acompa\u00f1ar canciones simples.<\/p>\n<p><strong>Contenidos del curso:<\/strong><\/p>\n<ul>\n<li>Un instructivo con guias y acordes<\/li>\n<li>Clases en Videos para aprender y ejercitar<\/li>\n<li><strong>Duraci\u00f3n:<\/strong>\u00a04 semanas<\/li>\n<\/ul>\n<p>Al finalizar el curso el alumno podr\u00e1:<\/p>\n<ul>\n<li>Comprender y ejecutar acordes mayores y menores en armon\u00edas simples.<\/li>\n<\/ul>\n<p>Las clases comienzan cuando desee, una vez que se haya inscrito y enviado su comprobante a freireramongmail.com<\/p>\n<p><strong>Adquirir el curso ahora:<\/strong> <strong>U$49 dolares <\/strong>, <strong>$49 mil<\/strong> pesos Chile<\/p>\n<p><span style=\"font-size: 18pt;\"><a href=\"https:\/\/ramonfreire.cl\/musicaysonido\/pago-curso-musica-piano-guitarra\/\">INSCRIPCION\u00a0<\/a><\/span><\/p>\n<p><span style=\"font-size: 12pt;\">Como ya sabes la m\u00fasica influye directamente en la inteligencia humana, en nuestra inteligencia y la de los seres que amamos, incluso en plantas y animales.<\/span><\/p>\n<p><span style=\"font-size: 12pt;\">Junto con el curso te enviare una selecci\u00f3n de diversos periodos musicales, que abarcan desde el barroco, Scarlatti, Bach, pasando por el\u00a0clasicismo, Beethoven.\u00a0Mozart, luego el romanticismo ,Chopin, Mendelssohn, hasta llegar al impresionismo musical con Satie y Debussy entre otros<\/span><\/p>\n<p><span style=\"font-size: 12pt;\">En la selecci\u00f3n destacan los siguientes autores:<\/span><\/p>\n<p><span style=\"font-size: 12pt;\">Beethoven, Bach, Mozart, Debussy, Chopin, Grieg, Rimsky Korsakov, Ravel. Mendelsohn, Boccherini, Albeniz, Scott Joplin, Schubert, Liszt, Villalobos, Grieg, Mussorgsky,\u00a0Tchaikovsky,\u00a0Erik Satie, Rachmaninov, Scarlatti.<\/span><\/p>\n<p><span style=\"font-size: 12pt;\">Son 3 siglos de m\u00fasica, es natural que te sientas\u00a0m\u00e1s af\u00edn\u00a0a algunos autores y estilos ,\u00a0as\u00ed\u00a0que ahora a escuchar , aprender y sobre todo a disfrutar haci\u00e9ndote a la vez m\u00e1s\u00a0inteligente.<\/span><\/p>\n<p><span style=\"font-size: 18pt;\"><a href=\"https:\/\/ramonfreire.cl\/musicaysonido\/pago-curso-musica-piano-guitarra\/\">INSCRIPCION\u00a0<\/a><\/span><\/p>\n","protected":false},"excerpt":{"rendered":"<p>nuevo\u00a0CURSO B\u00c1SICO\u00a0DE PIANO\u00a0\u00a0para adultos, j\u00f3venes y ni\u00f1os Este es un curso de PIANO, aplicable a cualquier tipo de TECLADO, SINTETIZADOR o similar. Es un curso musical \u00a0inicial, r\u00e1pido y econ\u00f3mico de solo 2 semanas de duraci\u00f3n. Dirigido a: Para publico &hellip; <a href=\"https:\/\/ramonfreire.cl\/musicaysonido\/piano-basico\/\">Sigue leyendo <span class=\"meta-nav\">&rarr;<\/span><\/a><\/p>\n","protected":false},"author":1,"featured_media":0,"parent":0,"menu_order":0,"comment_status":"closed","ping_status":"closed","template":"","meta":{"_exactmetrics_skip_tracking":false,"_exactmetrics_sitenote_active":false,"_exactmetrics_sitenote_note":"","_exactmetrics_sitenote_category":0,"_monsterinsights_skip_tracking":false,"_monsterinsights_sitenote_active":false,"_monsterinsights_sitenote_note":"","_monsterinsights_sitenote_category":0,"footnotes":""},"class_list":["post-1812","page","type-page","status-publish","hentry"],"aioseo_notices":[],"_links":{"self":[{"href":"https:\/\/ramonfreire.cl\/musicaysonido\/wp-json\/wp\/v2\/pages\/1812","targetHints":{"allow":["GET"]}}],"collection":[{"href":"https:\/\/ramonfreire.cl\/musicaysonido\/wp-json\/wp\/v2\/pages"}],"about":[{"href":"https:\/\/ramonfreire.cl\/musicaysonido\/wp-json\/wp\/v2\/types\/page"}],"author":[{"embeddable":true,"href":"https:\/\/ramonfreire.cl\/musicaysonido\/wp-json\/wp\/v2\/users\/1"}],"replies":[{"embeddable":true,"href":"https:\/\/ramonfreire.cl\/musicaysonido\/wp-json\/wp\/v2\/comments?post=1812"}],"version-history":[{"count":29,"href":"https:\/\/ramonfreire.cl\/musicaysonido\/wp-json\/wp\/v2\/pages\/1812\/revisions"}],"predecessor-version":[{"id":3437,"href":"https:\/\/ramonfreire.cl\/musicaysonido\/wp-json\/wp\/v2\/pages\/1812\/revisions\/3437"}],"wp:attachment":[{"href":"https:\/\/ramonfreire.cl\/musicaysonido\/wp-json\/wp\/v2\/media?parent=1812"}],"curies":[{"name":"wp","href":"https:\/\/api.w.org\/{rel}","templated":true}]}}