{"id":71,"date":"2025-06-02T11:18:16","date_gmt":"2025-06-02T15:18:16","guid":{"rendered":"https:\/\/leq.cse.mybluehost.me\/estudio\/?page_id=71"},"modified":"2025-07-24T19:18:24","modified_gmt":"2025-07-24T23:18:24","slug":"musica","status":"publish","type":"page","link":"https:\/\/ramonfreire.cl\/estudio\/musica\/","title":{"rendered":"MUSICA"},"content":{"rendered":"\n<p>Aqu\u00ed encontrar\u00e1s m\u00fasica de mi autor\u00eda o interpretaci\u00f3n, otras junto a mis amigos, y otras de los mejores autores de todos los tiempos , para regalar y regalarse.<\/p>\n\n\n\n<p>Album simple enviado a tu correo valor U$10 o 10 mil pesos chilenos,<br><a href=\"https:\/\/ramonfreire.cl\/musicaysonido\/pago-curso-musica-piano-guitarra\/\">para pagar aqui<\/a><\/p>\n\n\n\n<p>STING en espa\u00f1ol<\/p>\n\n\n\n<figure class=\"wp-block-image size-large\"><img loading=\"lazy\" decoding=\"async\" width=\"1024\" height=\"1024\" src=\"https:\/\/ramonfreire.cl\/estudio\/wp-content\/uploads\/2025\/07\/caratula-1024x1024.jpg\" alt=\"\" class=\"wp-image-186\" srcset=\"https:\/\/ramonfreire.cl\/estudio\/wp-content\/uploads\/2025\/07\/caratula-1024x1024.jpg 1024w, https:\/\/ramonfreire.cl\/estudio\/wp-content\/uploads\/2025\/07\/caratula-300x300.jpg 300w, https:\/\/ramonfreire.cl\/estudio\/wp-content\/uploads\/2025\/07\/caratula-150x150.jpg 150w, https:\/\/ramonfreire.cl\/estudio\/wp-content\/uploads\/2025\/07\/caratula-768x768.jpg 768w, https:\/\/ramonfreire.cl\/estudio\/wp-content\/uploads\/2025\/07\/caratula.jpg 1200w\" sizes=\"auto, (max-width: 1024px) 100vw, 1024px\" \/><\/figure>\n\n\n\n<p>Una selecci\u00f3n de 8 canciones intrpretadas en solo guitarra y voz<\/p>\n\n\n\n<p>Incluyen :<\/p>\n\n\n\n<p>Yo te observare <br>La forma de mi coraz\u00f3n<br>Roxana<br>Podrias atraparme<br>Fragil<br>Campos de oro<br>Cada cosa que ella hace es m\u00e1gico<br>Un ingl\u00e9s en Nueva York<\/p>\n\n\n\n<ul class=\"wp-block-list\">\n<li>Adem\u00e1s van las letras en espa\u00f1ol y un SONGBOOK de 165 paginas para  interpretar en guitarra o piano.<\/li>\n<\/ul>\n\n\n\n<p><strong>MUSICA DOCTA EN PIANO<\/strong><\/p>\n\n\n\n<figure class=\"wp-block-image\"><img decoding=\"async\" src=\"https:\/\/ramonfreire.cl\/musicaysonido\/wp-content\/uploads\/2025\/05\/sel-7-1011x1024.jpg\" alt=\"\" class=\"wp-image-3288\"\/><\/figure>\n\n\n\n<p>Aqui encontraras una selecci\u00f3n de diversos periodos musicales que abarcan desde el barroco, Scarlatti, Bach, pasando por el clasicismo, Beethoven. Mozart, luego el romanticismo ,Chopin, Mendelssohn, hasta llegar al impresionismo musical con Satie y Debussy. Cada obra lleva el titulo y su autor grabado en audio para su posterior reconocimiento.<\/p>\n\n\n\n<p>En la selecci\u00f3n destacan los siguientes autores:<\/p>\n\n\n\n<p>Beethoven, Bach, Mozart, Debussy, Chopin, Grieg, Rimsky Korsakov, Ravel. Mendelsohn, Boccherini, Albeniz, Scott Joplin, Schubert, Liszt, Villalobos, Grieg, Mussorgsky, Tschaikovsky, Erik Satie, Rachmaninov, Scarlatti. Son 3 horas de m\u00fasica.<\/p>\n\n\n\n<p><strong>INVENCIONES de J.S. BACH<\/strong><\/p>\n\n\n\n<p>Las Invenciones fueron escritas como piezas educativas para su hijo mayor, Wilhelm Friedemann Bach, y luego sus estudiantes de m\u00fasica. Para hacerlos mas inteligentes y receptivos a las distintas posibilidades musicales que ofrece el instrumento<\/p>\n\n\n\n<figure class=\"wp-block-image\"><img decoding=\"async\" src=\"https:\/\/ramonfreire.cl\/musicaysonido\/wp-content\/uploads\/2025\/05\/caratula-inventions-BACH-1024x1024.jpg\" alt=\"\" class=\"wp-image-3320\"\/><\/figure>\n\n\n\n<p>Esta obra incluye las partituras originales en archivo adjunto y ademas una breve rese\u00f1a de Bach y de la grabaci\u00f3n a modo de bonus cultural<\/p>\n\n\n\n<p>Album simple enviado a tu correo valor U$10 o 10 mil pesos chilenos,<br><a href=\"https:\/\/ramonfreire.cl\/musicaysonido\/pago-curso-musica-piano-guitarra\/\">para pagar aqui<\/a><\/p>\n\n\n\n<p><strong>CHOPIN<\/strong><\/p>\n\n\n\n<p>Una selecci\u00f3n de baladas, nocturnos y estudios entre otras de su destacada obra musical<\/p>\n\n\n\n<figure class=\"wp-block-image\"><img decoding=\"async\" src=\"https:\/\/ramonfreire.cl\/musicaysonido\/wp-content\/uploads\/2025\/05\/Chopin-Caratula-3-1024x1024.jpg\" alt=\"\" class=\"wp-image-3324\"\/><\/figure>\n\n\n\n<p>Incluye su biografia y un resumen de su creaci\u00f3n musical.<\/p>\n\n\n\n<p>Son 22 obras en las que destacan Estudios, Fantasias, Nocturnos Baladas y otras<\/p>\n\n\n\n<p>Album doble enviado a tu correo valor U$10 o 10 mil pesos chilenos,<br><a href=\"https:\/\/ramonfreire.cl\/musicaysonido\/pago-curso-musica-piano-guitarra\/\">para pagar aqui<\/a><\/p>\n\n\n\n<p><strong>BACH Esencial<\/strong><\/p>\n\n\n\n<p>Una seleccion de 17 obras entre las que destacan Preludios, fugas, gavotas, conciertos y mas<\/p>\n\n\n\n<figure class=\"wp-block-image\"><img decoding=\"async\" src=\"https:\/\/ramonfreire.cl\/musicaysonido\/wp-content\/uploads\/2025\/05\/Bach-Esencial-1024x1024.jpg\" alt=\"\" class=\"wp-image-3327\"\/><\/figure>\n\n\n\n<p>Album simple enviado a tu correo valor U$10 o 10 mil pesos chilenos,<br><a href=\"https:\/\/ramonfreire.cl\/musicaysonido\/pago-curso-musica-piano-guitarra\/\">para pagar aqui<\/a><\/p>\n\n\n\n<p><strong>Guitarra M\u00eda<\/strong><\/p>\n\n\n\n<p>Son 13 canciones interpretadas en guitarra, melod\u00edas de distintas epocas, desde el mundo celta y medieval hasta hoy. Canciones an\u00f3nimas, otras de mi autor\u00eda y de celebridades como Loreena Mckennitt , Will Ackerman entre otros. Un villancico ancestral y una cancion de cuna celta entre varios temas.<\/p>\n\n\n\n<figure class=\"wp-block-image\"><img loading=\"lazy\" decoding=\"async\" width=\"730\" height=\"739\" src=\"https:\/\/ramonfreire.cl\/estudio\/wp-content\/uploads\/2025\/06\/contra-caratula.jpg\" alt=\"\" class=\"wp-image-159\" srcset=\"https:\/\/ramonfreire.cl\/estudio\/wp-content\/uploads\/2025\/06\/contra-caratula.jpg 730w, https:\/\/ramonfreire.cl\/estudio\/wp-content\/uploads\/2025\/06\/contra-caratula-296x300.jpg 296w\" sizes=\"auto, (max-width: 730px) 100vw, 730px\" \/><\/figure>\n\n\n\n<p>Album simple enviado a tu correo valor U$10 o 10 mil pesos chilenos,<br><a href=\"https:\/\/ramonfreire.cl\/musicaysonido\/pago-curso-musica-piano-guitarra\/\">para pagar aqui<\/a><\/p>\n\n\n\n<p><strong>\u201cOceano nocturno, luces en el Cielo\u201d<\/strong><\/p>\n\n\n\n<p>Es m\u00fasica para relajarse, meditar, resetearse, estar tranquilos<\/p>\n\n\n\n<figure class=\"wp-block-embed is-type-video is-provider-youtube wp-block-embed-youtube wp-embed-aspect-4-3 wp-has-aspect-ratio\"><div class=\"wp-block-embed__wrapper\">\n<iframe loading=\"lazy\" title=\"OCEANO NOCTURNO, LUCES EN EN CIELO\" width=\"584\" height=\"438\" src=\"https:\/\/www.youtube.com\/embed\/RPsC17uOPSc?feature=oembed\" frameborder=\"0\" allow=\"accelerometer; autoplay; clipboard-write; encrypted-media; gyroscope; picture-in-picture; web-share\" referrerpolicy=\"strict-origin-when-cross-origin\" allowfullscreen><\/iframe>\n<\/div><\/figure>\n\n\n\n<p>Esta grabado \u2018a la antigua\u2019, en tiempo real, usando la tradicional escala ancestral de 5 notas para la armon\u00eda y la melod\u00eda, y con sonidos naturales del oc\u00e9ano.<\/p>\n\n\n\n<p>Album simple enviado a tu correo valor U$10 o 10 mil pesos chilenos,<br><a href=\"https:\/\/ramonfreire.cl\/musicaysonido\/pago-curso-musica-piano-guitarra\/\">para pagar aqui<\/a><\/p>\n\n\n\n<p>Hidekel es el nombre antiguo del r\u00edo Tigris.<\/p>\n\n\n\n<figure class=\"wp-block-embed is-type-video is-provider-youtube wp-block-embed-youtube wp-embed-aspect-16-9 wp-has-aspect-ratio\"><div class=\"wp-block-embed__wrapper\">\n<iframe loading=\"lazy\" title=\"HIDEKEL\" width=\"584\" height=\"329\" src=\"https:\/\/www.youtube.com\/embed\/-3cwyFltnfQ?feature=oembed\" frameborder=\"0\" allow=\"accelerometer; autoplay; clipboard-write; encrypted-media; gyroscope; picture-in-picture; web-share\" referrerpolicy=\"strict-origin-when-cross-origin\" allowfullscreen><\/iframe>\n<\/div><\/figure>\n\n\n\n<p>Un r\u00edo emblematico, en Mesopotamia, la antigua Persia donde los dioses del cielo plantaron un jard\u00edn llamado Ed\u00e9n o Para\u00edso.<\/p>\n\n\n\n<p>Esta m\u00fasica la compuse y la interpret\u00e9 en tiempo real, con el prop\u00f3sito de que sea disfrutada y ademas que sirva para recordar nuestro verdadero origen. Duraci\u00f3n 64 minutos.<\/p>\n\n\n\n<p>Album simple enviado a tu correo valor U$10 o 10 mil pesos chilenos,<br><a href=\"https:\/\/ramonfreire.cl\/musicaysonido\/pago-curso-musica-piano-guitarra\/\">para pagar aqui<\/a><\/p>\n\n\n\n<p><strong>FLAUTAS Y AGUA<\/strong><\/p>\n\n\n\n<p>Esta m\u00fasica la compuse y la interpret\u00e9 en flauta Andina.<\/p>\n\n\n\n<figure class=\"wp-block-embed is-type-video is-provider-youtube wp-block-embed-youtube wp-embed-aspect-16-9 wp-has-aspect-ratio\"><div class=\"wp-block-embed__wrapper\">\n<iframe loading=\"lazy\" title=\"FLAUTAS Y AGUA\" width=\"584\" height=\"329\" src=\"https:\/\/www.youtube.com\/embed\/Ff1gq7WzfWc?feature=oembed\" frameborder=\"0\" allow=\"accelerometer; autoplay; clipboard-write; encrypted-media; gyroscope; picture-in-picture; web-share\" referrerpolicy=\"strict-origin-when-cross-origin\" allowfullscreen><\/iframe>\n<\/div><\/figure>\n\n\n\n<p>Alguna vez tuve una m\u00fasica zen y tambien sioux, me di cuenta que es la misma vibracion que las flautas de los andes<\/p>\n\n\n\n<p>Album simple enviado a tu correo valor U$10 o 10 mil pesos chilenos,<br><a href=\"https:\/\/ramonfreire.cl\/musicaysonido\/pago-curso-musica-piano-guitarra\/\">para pagar aqui<\/a><\/p>\n\n\n\n<p>Duraci\u00f3n 60 minutos.<\/p>\n","protected":false},"excerpt":{"rendered":"<p>Aqu\u00ed encontrar\u00e1s m\u00fasica de mi autor\u00eda o interpretaci\u00f3n, otras junto a mis amigos, y otras de los mejores autores de todos los tiempos , para regalar y regalarse. Album simple enviado a tu correo valor U$10 o 10 mil pesos &hellip; <a href=\"https:\/\/ramonfreire.cl\/estudio\/musica\/\">Sigue leyendo <span class=\"meta-nav\">&rarr;<\/span><\/a><\/p>\n","protected":false},"author":1,"featured_media":0,"parent":0,"menu_order":0,"comment_status":"closed","ping_status":"closed","template":"","meta":{"footnotes":""},"class_list":["post-71","page","type-page","status-publish","hentry"],"_links":{"self":[{"href":"https:\/\/ramonfreire.cl\/estudio\/wp-json\/wp\/v2\/pages\/71","targetHints":{"allow":["GET"]}}],"collection":[{"href":"https:\/\/ramonfreire.cl\/estudio\/wp-json\/wp\/v2\/pages"}],"about":[{"href":"https:\/\/ramonfreire.cl\/estudio\/wp-json\/wp\/v2\/types\/page"}],"author":[{"embeddable":true,"href":"https:\/\/ramonfreire.cl\/estudio\/wp-json\/wp\/v2\/users\/1"}],"replies":[{"embeddable":true,"href":"https:\/\/ramonfreire.cl\/estudio\/wp-json\/wp\/v2\/comments?post=71"}],"version-history":[{"count":7,"href":"https:\/\/ramonfreire.cl\/estudio\/wp-json\/wp\/v2\/pages\/71\/revisions"}],"predecessor-version":[{"id":188,"href":"https:\/\/ramonfreire.cl\/estudio\/wp-json\/wp\/v2\/pages\/71\/revisions\/188"}],"wp:attachment":[{"href":"https:\/\/ramonfreire.cl\/estudio\/wp-json\/wp\/v2\/media?parent=71"}],"curies":[{"name":"wp","href":"https:\/\/api.w.org\/{rel}","templated":true}]}}