{"id":59,"date":"2025-06-01T19:53:09","date_gmt":"2025-06-01T23:53:09","guid":{"rendered":"https:\/\/leq.cse.mybluehost.me\/estudio\/?page_id=59"},"modified":"2025-06-02T15:18:36","modified_gmt":"2025-06-02T19:18:36","slug":"escuela","status":"publish","type":"page","link":"https:\/\/ramonfreire.cl\/estudio\/escuela\/","title":{"rendered":"ESCUELA"},"content":{"rendered":"\n<h1 class=\"wp-block-heading\">SONIDO<\/h1>\n\n\n\n<p><strong>CURSO&nbsp;B\u00c1SICO&nbsp;DE &nbsp;SONIDO<\/strong><\/p>\n\n\n<div class=\"wp-block-image\">\n<figure class=\"alignleft\"><img decoding=\"async\" src=\"https:\/\/ramonfreire.cl\/musicaysonido\/wp-content\/uploads\/2014\/09\/gl-330.jpg\" alt=\"gl 330\" class=\"wp-image-995\"\/><\/figure>\n<\/div>\n\n\n<p><strong>Dirigido a<\/strong>&nbsp;&nbsp;Adultos y j\u00f3venes con o sin experiencia.<\/p>\n\n\n\n<p><strong>Objetivos del curso:<\/strong><\/p>\n\n\n\n<p>Capacitar a los participantes en la comprensi\u00f3n te\u00f3rica y uso pr\u00e1ctico b\u00e1sico de<br>Equipos de Sonido Profesional.<\/p>\n\n\n\n<p><strong>Algunos de los temas que desarrollamos en nuestro curso:<\/strong><\/p>\n\n\n<div class=\"wp-block-image\">\n<figure class=\"aligncenter\"><img decoding=\"async\" src=\"https:\/\/ramonfreire.cl\/musicaysonido\/wp-content\/uploads\/2013\/06\/consola1.jpg\" alt=\"consola\" class=\"wp-image-50\"\/><\/figure>\n<\/div>\n\n\n<p>* MIXERS , MESAS DE MEZCLA.<br>* CONECTORES Y CABLES DE AUDIO<br>* MICROFONOS<br>* POSICIONES UNIVERSALES DE MICROFONOS<br>* USO DE CAJAS DIRECTAS (DIRECT BOX)<br>* COMPRESORES<br>* GATES<br>* DECIBELES ELECTRICOS Y ACUSTICOS<br>* VU Y PEAK METER<br>* ELECTRICIDAD BASICA<br>* DAW, SOFTWARES DE AUDIO<br>* CONSOLAS DIGITALES<\/p>\n\n\n<div class=\"wp-block-image\">\n<figure class=\"alignleft\"><img decoding=\"async\" src=\"https:\/\/ramonfreire.cl\/musicaysonido\/wp-content\/uploads\/2013\/07\/studiolive.jpg\" alt=\"studiolive\" class=\"wp-image-305\"\/><\/figure>\n<\/div>\n\n\n<p><\/p>\n\n\n\n<p><\/p>\n\n\n\n<p><\/p>\n\n\n\n<p><\/p>\n\n\n\n<p><\/p>\n\n\n\n<p><\/p>\n\n\n\n<p><strong>Duraci\u00f3n:<\/strong>&nbsp;6 semanas<\/p>\n\n\n\n<p><strong>Valor:<\/strong><\/p>\n\n\n\n<p>&nbsp; &nbsp; &nbsp; &nbsp; &nbsp;<strong>&nbsp;<\/strong>&nbsp; &nbsp; &nbsp; &nbsp;&nbsp;&nbsp;&nbsp;<strong>U$180<\/strong>,&nbsp;<strong>$180 mil<\/strong>&nbsp;pesos Chile<\/p>\n\n\n\n<p><a href=\"https:\/\/ramonfreire.cl\/musicaysonido\/pago-curso-musica-piano-guitarra\/\">INSCRIPCION&nbsp;<\/a><\/p>\n","protected":false},"excerpt":{"rendered":"<p>SONIDO CURSO&nbsp;B\u00c1SICO&nbsp;DE &nbsp;SONIDO Dirigido a&nbsp;&nbsp;Adultos y j\u00f3venes con o sin experiencia. Objetivos del curso: Capacitar a los participantes en la comprensi\u00f3n te\u00f3rica y uso pr\u00e1ctico b\u00e1sico deEquipos de Sonido Profesional. Algunos de los temas que desarrollamos en nuestro curso: * &hellip; <a href=\"https:\/\/ramonfreire.cl\/estudio\/escuela\/\">Sigue leyendo <span class=\"meta-nav\">&rarr;<\/span><\/a><\/p>\n","protected":false},"author":1,"featured_media":0,"parent":0,"menu_order":0,"comment_status":"closed","ping_status":"closed","template":"","meta":{"footnotes":""},"class_list":["post-59","page","type-page","status-publish","hentry"],"_links":{"self":[{"href":"https:\/\/ramonfreire.cl\/estudio\/wp-json\/wp\/v2\/pages\/59","targetHints":{"allow":["GET"]}}],"collection":[{"href":"https:\/\/ramonfreire.cl\/estudio\/wp-json\/wp\/v2\/pages"}],"about":[{"href":"https:\/\/ramonfreire.cl\/estudio\/wp-json\/wp\/v2\/types\/page"}],"author":[{"embeddable":true,"href":"https:\/\/ramonfreire.cl\/estudio\/wp-json\/wp\/v2\/users\/1"}],"replies":[{"embeddable":true,"href":"https:\/\/ramonfreire.cl\/estudio\/wp-json\/wp\/v2\/comments?post=59"}],"version-history":[{"count":2,"href":"https:\/\/ramonfreire.cl\/estudio\/wp-json\/wp\/v2\/pages\/59\/revisions"}],"predecessor-version":[{"id":129,"href":"https:\/\/ramonfreire.cl\/estudio\/wp-json\/wp\/v2\/pages\/59\/revisions\/129"}],"wp:attachment":[{"href":"https:\/\/ramonfreire.cl\/estudio\/wp-json\/wp\/v2\/media?parent=59"}],"curies":[{"name":"wp","href":"https:\/\/api.w.org\/{rel}","templated":true}]}}