{"id":170,"date":"2025-06-12T11:54:21","date_gmt":"2025-06-12T15:54:21","guid":{"rendered":"https:\/\/ramonfreire.cl\/estudio\/?page_id=170"},"modified":"2025-12-12T16:40:46","modified_gmt":"2025-12-12T20:40:46","slug":"conciertos","status":"publish","type":"page","link":"https:\/\/ramonfreire.cl\/estudio\/conciertos\/","title":{"rendered":"CONCIERTOS"},"content":{"rendered":"\n<p>LUGH<\/p>\n\n\n\n<figure class=\"wp-block-image size-full\"><img loading=\"lazy\" decoding=\"async\" width=\"1514\" height=\"1520\" src=\"https:\/\/ramonfreire.cl\/estudio\/wp-content\/uploads\/2025\/12\/lugh-1.jpg\" alt=\"\" class=\"wp-image-191\"\/><\/figure>\n\n\n\n<p><br>LUGH es el d\u00fao formado por Eulie Fritis, en voz, flauta, arpa y danza, y Ram\u00f3n Freire, en guitarras, coros y relatos ancestrales.<br><\/p>\n\n\n\n<figure class=\"wp-block-image size-full\"><img loading=\"lazy\" decoding=\"async\" width=\"1358\" height=\"1344\" src=\"https:\/\/ramonfreire.cl\/estudio\/wp-content\/uploads\/2025\/12\/Lugh-en-vivo-celta.jpg\" alt=\"\" class=\"wp-image-192\"\/><\/figure>\n\n\n\n<p><br>Juntos, interpretan un repertorio que abarca desde m\u00fasica celta y medieval hasta canciones conocidas y herederas de esa antigua tradici\u00f3n, con influencias de autores como Loreena McKennitt y Enya.<\/p>\n\n\n\n<figure class=\"wp-block-image size-full\"><img loading=\"lazy\" decoding=\"async\" width=\"680\" height=\"675\" src=\"https:\/\/ramonfreire.cl\/estudio\/wp-content\/uploads\/2025\/12\/stonehenge-ER.jpg\" alt=\"\" class=\"wp-image-194\"\/><\/figure>\n\n\n\n<p><br>En su m\u00fasica, encontrar\u00e1s canciones tradicionales irlandesas, inglesas, vikingas y obras inmortales presentes en sagas y pel\u00edculas como El se\u00f1or de los Anillos, Highlander, Las Nieblas de Avalon, El Jardin Secreto y Thor, entre otras.<\/p>\n\n\n\n<figure class=\"wp-block-image size-full\"><img loading=\"lazy\" decoding=\"async\" width=\"1980\" height=\"1320\" src=\"https:\/\/ramonfreire.cl\/estudio\/wp-content\/uploads\/2025\/12\/lugh-en-irlanda.jpg\" alt=\"\" class=\"wp-image-193\"\/><\/figure>\n\n\n\n<p>\u00bfPor qu\u00e9 LUGH?<\/p>\n\n\n\n<p>LUGH es el nombre que nuestros ancestros daban al Dios luminoso y brillante, solo comparable con el Sol, patrono de todas las Artes y Oficios.<\/p>\n\n\n\n<p>La m\u00fasica de Lugh es un poderoso mensaje de amor sagrado, naturaleza y divinidad.<\/p>\n\n\n\n<p>A continuacion algunos ensayos y despues un enlace a un concierto<br><\/p>\n\n\n\n<figure class=\"wp-block-embed is-type-video is-provider-youtube wp-block-embed-youtube wp-embed-aspect-16-9 wp-has-aspect-ratio\"><div class=\"wp-block-embed__wrapper\">\n<iframe loading=\"lazy\" title=\"ALMAS EN LA NOCHE\" width=\"584\" height=\"329\" src=\"https:\/\/www.youtube.com\/embed\/kBGtvn-x-XY?feature=oembed\" frameborder=\"0\" allow=\"accelerometer; autoplay; clipboard-write; encrypted-media; gyroscope; picture-in-picture; web-share\" referrerpolicy=\"strict-origin-when-cross-origin\" allowfullscreen><\/iframe>\n<\/div><\/figure>\n\n\n\n<p>.<\/p>\n\n\n\n<figure class=\"wp-block-embed is-type-video is-provider-youtube wp-block-embed-youtube wp-embed-aspect-16-9 wp-has-aspect-ratio\"><div class=\"wp-block-embed__wrapper\">\n<iframe loading=\"lazy\" title=\"ensayando AVE  MARIA\" width=\"584\" height=\"329\" src=\"https:\/\/www.youtube.com\/embed\/TCw7tmNdHrQ?feature=oembed\" frameborder=\"0\" allow=\"accelerometer; autoplay; clipboard-write; encrypted-media; gyroscope; picture-in-picture; web-share\" referrerpolicy=\"strict-origin-when-cross-origin\" allowfullscreen><\/iframe>\n<\/div><\/figure>\n\n\n\n<figure class=\"wp-block-embed is-type-video is-provider-youtube wp-block-embed-youtube wp-embed-aspect-16-9 wp-has-aspect-ratio\"><div class=\"wp-block-embed__wrapper\">\n<iframe loading=\"lazy\" title=\"ensayando La Danza del enmascarado\" width=\"584\" height=\"329\" src=\"https:\/\/www.youtube.com\/embed\/vYyTS5pqxrY?feature=oembed\" frameborder=\"0\" allow=\"accelerometer; autoplay; clipboard-write; encrypted-media; gyroscope; picture-in-picture; web-share\" referrerpolicy=\"strict-origin-when-cross-origin\" allowfullscreen><\/iframe>\n<\/div><\/figure>\n\n\n\n<figure class=\"wp-block-embed is-type-video is-provider-youtube wp-block-embed-youtube wp-embed-aspect-16-9 wp-has-aspect-ratio\"><div class=\"wp-block-embed__wrapper\">\n<iframe loading=\"lazy\" title=\"ensayando Los viejos ritos\" width=\"584\" height=\"329\" src=\"https:\/\/www.youtube.com\/embed\/brB2TQQoaok?feature=oembed\" frameborder=\"0\" allow=\"accelerometer; autoplay; clipboard-write; encrypted-media; gyroscope; picture-in-picture; web-share\" referrerpolicy=\"strict-origin-when-cross-origin\" allowfullscreen><\/iframe>\n<\/div><\/figure>\n\n\n\n<figure class=\"wp-block-embed is-type-video is-provider-youtube wp-block-embed-youtube wp-embed-aspect-16-9 wp-has-aspect-ratio\"><div class=\"wp-block-embed__wrapper\">\n<iframe loading=\"lazy\" title=\"ensayando &quot;A trav\u00e9s de la feria&quot;, canci&#039;on tradicional celta de Eire hoy conocida como Irlanda.\" width=\"584\" height=\"329\" src=\"https:\/\/www.youtube.com\/embed\/PGukiC6OOlM?feature=oembed\" frameborder=\"0\" allow=\"accelerometer; autoplay; clipboard-write; encrypted-media; gyroscope; picture-in-picture; web-share\" referrerpolicy=\"strict-origin-when-cross-origin\" allowfullscreen><\/iframe>\n<\/div><\/figure>\n\n\n\n<figure class=\"wp-block-embed is-type-video is-provider-youtube wp-block-embed-youtube wp-embed-aspect-16-9 wp-has-aspect-ratio\"><div class=\"wp-block-embed__wrapper\">\n<iframe loading=\"lazy\" title=\"ensayando Que asi sea de la pelicula The Lord of the rings\" width=\"584\" height=\"329\" src=\"https:\/\/www.youtube.com\/embed\/IW1e4FEpDwY?feature=oembed\" frameborder=\"0\" allow=\"accelerometer; autoplay; clipboard-write; encrypted-media; gyroscope; picture-in-picture; web-share\" referrerpolicy=\"strict-origin-when-cross-origin\" allowfullscreen><\/iframe>\n<\/div><\/figure>\n\n\n\n<p><a href=\"https:\/\/www.youtube.com\/watch?v=oQwoFFMWP4M&amp;t=\">AQUI CONCIERTO EN VIVO (haz click)<\/a><\/p>\n\n\n\n<figure class=\"wp-block-image size-full\"><img loading=\"lazy\" decoding=\"async\" width=\"885\" height=\"870\" src=\"https:\/\/ramonfreire.cl\/estudio\/wp-content\/uploads\/2025\/12\/concierto-21.jpg\" alt=\"\" class=\"wp-image-196\"\/><\/figure>\n\n\n\n<p>Mayores informacion y contacto<\/p>\n\n\n\n<p>freireramon@gmail.com<\/p>\n\n\n\n<p><\/p>\n","protected":false},"excerpt":{"rendered":"<p>LUGH LUGH es el d\u00fao formado por Eulie Fritis, en voz, flauta, arpa y danza, y Ram\u00f3n Freire, en guitarras, coros y relatos ancestrales. Juntos, interpretan un repertorio que abarca desde m\u00fasica celta y medieval hasta canciones conocidas y herederas &hellip; <a href=\"https:\/\/ramonfreire.cl\/estudio\/conciertos\/\">Sigue leyendo <span class=\"meta-nav\">&rarr;<\/span><\/a><\/p>\n","protected":false},"author":1,"featured_media":0,"parent":0,"menu_order":0,"comment_status":"closed","ping_status":"closed","template":"","meta":{"footnotes":""},"class_list":["post-170","page","type-page","status-publish","hentry"],"_links":{"self":[{"href":"https:\/\/ramonfreire.cl\/estudio\/wp-json\/wp\/v2\/pages\/170","targetHints":{"allow":["GET"]}}],"collection":[{"href":"https:\/\/ramonfreire.cl\/estudio\/wp-json\/wp\/v2\/pages"}],"about":[{"href":"https:\/\/ramonfreire.cl\/estudio\/wp-json\/wp\/v2\/types\/page"}],"author":[{"embeddable":true,"href":"https:\/\/ramonfreire.cl\/estudio\/wp-json\/wp\/v2\/users\/1"}],"replies":[{"embeddable":true,"href":"https:\/\/ramonfreire.cl\/estudio\/wp-json\/wp\/v2\/comments?post=170"}],"version-history":[{"count":5,"href":"https:\/\/ramonfreire.cl\/estudio\/wp-json\/wp\/v2\/pages\/170\/revisions"}],"predecessor-version":[{"id":197,"href":"https:\/\/ramonfreire.cl\/estudio\/wp-json\/wp\/v2\/pages\/170\/revisions\/197"}],"wp:attachment":[{"href":"https:\/\/ramonfreire.cl\/estudio\/wp-json\/wp\/v2\/media?parent=170"}],"curies":[{"name":"wp","href":"https:\/\/api.w.org\/{rel}","templated":true}]}}